{"id":14,"date":"2021-04-16T12:33:14","date_gmt":"2021-04-16T12:33:14","guid":{"rendered":"http:\/\/www.koucink-pardubice.cz\/?page_id=14"},"modified":"2021-04-27T15:06:46","modified_gmt":"2021-04-27T15:06:46","slug":"prubeh-setkani","status":"publish","type":"page","link":"https:\/\/www.koucink-pardubice.cz\/index.php\/prubeh-setkani\/","title":{"rendered":"Pr\u016fb\u011bh setk\u00e1n\u00ed"},"content":{"rendered":"\n<ul><li>Na prvn\u00edm setk\u00e1n\u00ed mi \u0159eknete, co V\u00e1s t\u00ed\u017e\u00ed.<\/li><li>Sezn\u00e1m\u00edm V\u00e1s s metodou kou\u010dinku, zodpov\u00edm na Va\u0161e dotazy.<\/li><li>Za\u010dneme &#8222;pracovat&#8220; na vy\u0159e\u0161en\u00ed Va\u0161\u00ed situace.<\/li><li>A pokud si budeme navz\u00e1jem vyhovovat, nastartujeme spole\u010dnou spolupr\u00e1ci a domluv\u00edme si dal\u0161\u00ed sch\u016fzku. \ud83d\ude42<\/li><li>P\u0159i p\u00e1rov\u00e9m kou\u010dinku se setk\u00e1v\u00e1me jednotliv\u011b i spole\u010dn\u011b<\/li><li>Setk\u00e1n\u00ed trv\u00e1 60 minut, cena za <strong>osobn\u00ed kou\u010dink<\/strong> je 950 K\u010d; za <strong>p\u00e1rov\u00fd kou\u010dink<\/strong> 1 450 K\u010d<\/li><\/ul>\n\n\n\n<p><\/p>\n","protected":false},"excerpt":{"rendered":"<p>Na prvn\u00edm setk\u00e1n\u00ed mi \u0159eknete, co V\u00e1s t\u00ed\u017e\u00ed. Sezn\u00e1m\u00edm V\u00e1s s metodou kou\u010dinku, zodpov\u00edm na Va\u0161e dotazy. Za\u010dneme &#8222;pracovat&#8220; na vy\u0159e\u0161en\u00ed Va\u0161\u00ed situace. A pokud si budeme navz\u00e1jem vyhovovat, nastartujeme spole\u010dnou spolupr\u00e1ci a domluv\u00edme si dal\u0161\u00ed sch\u016fzku. \ud83d\ude42 P\u0159i p\u00e1rov\u00e9m kou\u010dinku se setk\u00e1v\u00e1me jednotliv\u011b i spole\u010dn\u011b Setk\u00e1n\u00ed trv\u00e1 60 minut, cena za osobn\u00ed kou\u010dink je &hellip; <\/p>\n<p class=\"link-more\"><a href=\"https:\/\/www.koucink-pardubice.cz\/index.php\/prubeh-setkani\/\" class=\"more-link\">Pokra\u010dovat ve \u010dten\u00ed<span class=\"screen-reader-text\"> &#8222;Pr\u016fb\u011bh setk\u00e1n\u00ed&#8220;<\/span><\/a><\/p>\n","protected":false},"author":1,"featured_media":0,"parent":0,"menu_order":0,"comment_status":"closed","ping_status":"closed","template":"","meta":[],"_links":{"self":[{"href":"https:\/\/www.koucink-pardubice.cz\/index.php\/wp-json\/wp\/v2\/pages\/14"}],"collection":[{"href":"https:\/\/www.koucink-pardubice.cz\/index.php\/wp-json\/wp\/v2\/pages"}],"about":[{"href":"https:\/\/www.koucink-pardubice.cz\/index.php\/wp-json\/wp\/v2\/types\/page"}],"author":[{"embeddable":true,"href":"https:\/\/www.koucink-pardubice.cz\/index.php\/wp-json\/wp\/v2\/users\/1"}],"replies":[{"embeddable":true,"href":"https:\/\/www.koucink-pardubice.cz\/index.php\/wp-json\/wp\/v2\/comments?post=14"}],"version-history":[{"count":9,"href":"https:\/\/www.koucink-pardubice.cz\/index.php\/wp-json\/wp\/v2\/pages\/14\/revisions"}],"predecessor-version":[{"id":102,"href":"https:\/\/www.koucink-pardubice.cz\/index.php\/wp-json\/wp\/v2\/pages\/14\/revisions\/102"}],"wp:attachment":[{"href":"https:\/\/www.koucink-pardubice.cz\/index.php\/wp-json\/wp\/v2\/media?parent=14"}],"curies":[{"name":"wp","href":"https:\/\/api.w.org\/{rel}","templated":true}]}}